{"id":2119,"date":"2025-07-05T22:37:12","date_gmt":"2025-07-05T22:37:12","guid":{"rendered":"https:\/\/mimidae.es\/?page_id=2119"},"modified":"2025-12-20T14:11:38","modified_gmt":"2025-12-20T14:11:38","slug":"acceso-prioritario","status":"publish","type":"page","link":"https:\/\/mimidae.es\/en\/acceso-prioritario\/","title":{"rendered":"Acceso prioritario"},"content":{"rendered":"\t\t<div data-elementor-type=\"wp-page\" data-elementor-id=\"2119\" class=\"elementor elementor-2119\" data-elementor-post-type=\"page\">\n\t\t\t\t<div class=\"elementor-element elementor-element-222cfa47 e-con-full e-flex e-con e-parent\" data-id=\"222cfa47\" data-element_type=\"container\" data-e-type=\"container\" data-settings=\"{&quot;background_background&quot;:&quot;classic&quot;}\">\n\t\t<div class=\"elementor-element elementor-element-73cf262 e-con-full e-flex e-con e-child\" data-id=\"73cf262\" data-element_type=\"container\" data-e-type=\"container\">\n\t\t\t\t<div class=\"elementor-element elementor-element-0200ec8 subtitulo elementor-widget elementor-widget-heading\" data-id=\"0200ec8\" data-element_type=\"widget\" data-e-type=\"widget\" data-widget_type=\"heading.default\">\n\t\t\t\t\t<p class=\"elementor-heading-title elementor-size-default\">LISTA DE ACCESO PRIORITARIO \ud83d\ude80<\/p>\t\t\t\t<\/div>\n\t\t\t\t<div class=\"elementor-element elementor-element-625d582 titulo elementor-widget elementor-widget-heading\" data-id=\"625d582\" data-element_type=\"widget\" data-e-type=\"widget\" data-widget_type=\"heading.default\">\n\t\t\t\t\t<h1 class=\"elementor-heading-title elementor-size-default\">He estado trabajando en algo s\u00faper emocionante y<br>\u00a1quiero que seas una de las primeras en descubrirlo!<\/h1>\t\t\t\t<\/div>\n\t\t\t\t<div class=\"elementor-element elementor-element-d648635 elementor-widget elementor-widget-text-editor\" data-id=\"d648635\" data-element_type=\"widget\" data-e-type=\"widget\" data-widget_type=\"text-editor.default\">\n\t\t\t\t\t\t\t\t\t<p class=\"whitespace-normal break-words\">As\u00ed que si te apuntas a esta lista, ser\u00e1s una de las primeras en descubrir en qu\u00e9 he estado trabajando estos meses. En conocer todos los detalles. En tener acceso prioritario 48 horas antes que nadie y adem\u00e1s, en llevarte alguna que otra sorpresita solo por formar parte de la lista. Solo necesito tu nombre y tu mail para contarte TODO muy muy pronto.\u00a0<strong>\u00bfTe apuntas?<\/strong><\/p>\t\t\t\t\t\t\t\t<\/div>\n\t\t\t\t<\/div>\n\t\t\t\t<div class=\"elementor-element elementor-element-4039ba60 elementor-button-align-stretch elementor-widget elementor-widget-form\" data-id=\"4039ba60\" data-element_type=\"widget\" data-e-type=\"widget\" data-settings=\"{&quot;button_width&quot;:&quot;33&quot;,&quot;step_next_label&quot;:&quot;Siguiente&quot;,&quot;step_previous_label&quot;:&quot;Anterior&quot;,&quot;dce_confirm_dialog_enabled&quot;:&quot;no&quot;,&quot;step_type&quot;:&quot;number_text&quot;,&quot;step_icon_shape&quot;:&quot;circle&quot;,&quot;label_icon_size&quot;:{&quot;unit&quot;:&quot;px&quot;,&quot;size&quot;:&quot;&quot;,&quot;sizes&quot;:[]},&quot;field_icon_size&quot;:{&quot;unit&quot;:&quot;px&quot;,&quot;size&quot;:&quot;&quot;,&quot;sizes&quot;:[]}}\" data-widget_type=\"form.default\">\n\t\t\t\t\t\t\t<form class=\"elementor-form\" method=\"post\" name=\"Nuevo formulario\" aria-label=\"Nuevo formulario\">\r\n\t\t\t<input type=\"hidden\" name=\"post_id\" value=\"2119\"\/>\r\n\t\t\t<input type=\"hidden\" name=\"form_id\" value=\"4039ba60\"\/>\r\n\t\t\t<input type=\"hidden\" name=\"referer_title\" value=\"\" \/>\r\n\r\n\t\t\t\r\n\t\t\t<div class=\"elementor-form-fields-wrapper elementor-labels-\">\r\n\t\t\t\t\t\t\t\t<div class=\"elementor-field-type-text elementor-field-group elementor-column elementor-field-group-Nombre elementor-col-30\">\r\n\t\t\t\t\t\t\t\t\t\t\t\t<label for=\"form-field-Nombre\" class=\"elementor-field-label elementor-screen-only\">\r\n\t\t\t\t\t\t\t\tNombre\t\t\t\t\t\t\t<\/label>\r\n\t\t\t\t\t\t\t\t\t\t\t\t\t\t<input size=\"1\" type=\"text\" name=\"form_fields[Nombre]\" id=\"form-field-Nombre\" class=\"elementor-field elementor-size-sm  elementor-field-textual\" placeholder=\"NOMBRE\">\r\n\t\t\t\t\t\t\t\t\t\t\t<\/div>\r\n\t\t\t\t\t\t\t\t<div class=\"elementor-field-type-email elementor-field-group elementor-column elementor-field-group-email elementor-col-33 elementor-field-required\">\r\n\t\t\t\t\t\t\t\t\t\t\t\t<label for=\"form-field-email\" class=\"elementor-field-label elementor-screen-only\">\r\n\t\t\t\t\t\t\t\tCorreo electr\u00f3nico\t\t\t\t\t\t\t<\/label>\r\n\t\t\t\t\t\t\t\t\t\t\t\t\t\t<input size=\"1\" type=\"email\" name=\"form_fields[email]\" id=\"form-field-email\" class=\"elementor-field elementor-size-sm  elementor-field-textual\" placeholder=\"EMAIL\" required=\"required\">\r\n\t\t\t\t\t\t\t\t\t\t\t<\/div>\r\n\t\t\t\t\t\t\t\t<div class=\"elementor-field-type-acceptance elementor-field-group elementor-column elementor-field-group-RGPD elementor-col-100 elementor-field-required\">\r\n\t\t\t\t\t\t\t<div class=\"elementor-field-subgroup\">\r\n\t\t\t<span class=\"elementor-field-option\">\r\n\t\t\t\t<input type=\"checkbox\" name=\"form_fields[RGPD]\" id=\"form-field-RGPD\" class=\"elementor-field elementor-size-sm  elementor-acceptance-field\" required=\"required\">\r\n\t\t\t\t<label for=\"form-field-RGPD\">Al suscribirme a la newsletter acepto recibir notificaciones comerciales v\u00eda mail por parte de Mimidae y que mis datos sean tratados seg\u00fan la pol\u00edtica de privacidad del sitio web.<\/label>\t\t\t<\/span>\r\n\t\t<\/div>\r\n\t\t\t\t\t\t<\/div>\r\n\t\t\t\t\t\t\t\t<div class=\"elementor-field-group elementor-column elementor-field-type-submit elementor-col-33 e-form__buttons\">\r\n\t\t\t\t\t<button class=\"elementor-button elementor-size-sm elementor-animation-push\" type=\"submit\">\r\n\t\t\t\t\t\t<span class=\"elementor-button-content-wrapper\">\r\n\t\t\t\t\t\t\t\t\t\t\t\t\t\t\t\t\t\t\t\t\t\t<span class=\"elementor-button-text\">ME APUNTO<\/span>\r\n\t\t\t\t\t\t\t\t\t\t\t\t\t<\/span>\r\n\t\t\t\t\t<\/button>\r\n\t\t\t\t<\/div>\r\n\t\t\t<\/div>\r\n\t\t<\/form>\r\n\t\t\t\t\t\t<\/div>\n\t\t\t\t<\/div>\n\t\t<div class=\"elementor-element elementor-element-9610d59 e-con-full elementor-hidden-widescreen elementor-hidden-desktop elementor-hidden-laptop elementor-hidden-tablet_extra elementor-hidden-tablet elementor-hidden-mobile_extra elementor-hidden-mobile e-flex e-con e-parent\" data-id=\"9610d59\" data-element_type=\"container\" data-e-type=\"container\" data-settings=\"{&quot;background_background&quot;:&quot;classic&quot;}\">\n\t\t<div class=\"elementor-element elementor-element-ecacbbc e-con-full e-flex e-con e-child\" data-id=\"ecacbbc\" data-element_type=\"container\" data-e-type=\"container\">\n\t\t\t\t<div class=\"elementor-element elementor-element-3b0bdc8 subtitulo elementor-widget elementor-widget-heading\" data-id=\"3b0bdc8\" data-element_type=\"widget\" data-e-type=\"widget\" data-widget_type=\"heading.default\">\n\t\t\t\t\t<p class=\"elementor-heading-title elementor-size-default\">\u2716\ufe0f LA LISTA HA SIDO CERRADA \u2716\ufe0f<\/p>\t\t\t\t<\/div>\n\t\t\t\t<div class=\"elementor-element elementor-element-1d15379 titulo elementor-widget elementor-widget-heading\" data-id=\"1d15379\" data-element_type=\"widget\" data-e-type=\"widget\" data-widget_type=\"heading.default\">\n\t\t\t\t\t<h1 class=\"elementor-heading-title elementor-size-default\">Siento que no hayas podido unirte a la lista prioritaria.<\/h1>\t\t\t\t<\/div>\n\t\t\t\t<div class=\"elementor-element elementor-element-cd26add elementor-widget elementor-widget-text-editor\" data-id=\"cd26add\" data-element_type=\"widget\" data-e-type=\"widget\" data-widget_type=\"text-editor.default\">\n\t\t\t\t\t\t\t\t\t<p class=\"whitespace-normal break-words\">Recuerda, que el <strong>d\u00eda oficial del lanzamiento<\/strong> de hilos ser\u00e1 el d\u00eda <strong>21 de Julio<\/strong> \ud83d\ude80 y que, si quieres, puedes unirte a la mimiletter para que te avise. <em>\u00bfTe apuntas?<\/em><\/p>\t\t\t\t\t\t\t\t<\/div>\n\t\t\t\t<\/div>\n\t\t\t\t<div class=\"elementor-element elementor-element-6d85937 elementor-button-align-stretch elementor-widget elementor-widget-form\" data-id=\"6d85937\" data-element_type=\"widget\" data-e-type=\"widget\" data-settings=\"{&quot;button_width&quot;:&quot;33&quot;,&quot;step_next_label&quot;:&quot;Siguiente&quot;,&quot;step_previous_label&quot;:&quot;Anterior&quot;,&quot;dce_confirm_dialog_enabled&quot;:&quot;no&quot;,&quot;step_type&quot;:&quot;number_text&quot;,&quot;step_icon_shape&quot;:&quot;circle&quot;,&quot;label_icon_size&quot;:{&quot;unit&quot;:&quot;px&quot;,&quot;size&quot;:&quot;&quot;,&quot;sizes&quot;:[]},&quot;field_icon_size&quot;:{&quot;unit&quot;:&quot;px&quot;,&quot;size&quot;:&quot;&quot;,&quot;sizes&quot;:[]}}\" data-widget_type=\"form.default\">\n\t\t\t\t\t\t\t<form class=\"elementor-form\" method=\"post\" name=\"Nuevo formulario\" aria-label=\"Nuevo formulario\">\r\n\t\t\t<input type=\"hidden\" name=\"post_id\" value=\"2119\"\/>\r\n\t\t\t<input type=\"hidden\" name=\"form_id\" value=\"6d85937\"\/>\r\n\t\t\t<input type=\"hidden\" name=\"referer_title\" value=\"\" \/>\r\n\r\n\t\t\t\r\n\t\t\t<div class=\"elementor-form-fields-wrapper elementor-labels-\">\r\n\t\t\t\t\t\t\t\t<div class=\"elementor-field-type-text elementor-field-group elementor-column elementor-field-group-Nombre elementor-col-30\">\r\n\t\t\t\t\t\t\t\t\t\t\t\t<label for=\"form-field-Nombre\" class=\"elementor-field-label elementor-screen-only\">\r\n\t\t\t\t\t\t\t\tNombre\t\t\t\t\t\t\t<\/label>\r\n\t\t\t\t\t\t\t\t\t\t\t\t\t\t<input size=\"1\" type=\"text\" name=\"form_fields[Nombre]\" id=\"form-field-Nombre\" class=\"elementor-field elementor-size-sm  elementor-field-textual\" placeholder=\"NOMBRE\">\r\n\t\t\t\t\t\t\t\t\t\t\t<\/div>\r\n\t\t\t\t\t\t\t\t<div class=\"elementor-field-type-email elementor-field-group elementor-column elementor-field-group-email elementor-col-33 elementor-field-required\">\r\n\t\t\t\t\t\t\t\t\t\t\t\t<label for=\"form-field-email\" class=\"elementor-field-label elementor-screen-only\">\r\n\t\t\t\t\t\t\t\tCorreo electr\u00f3nico\t\t\t\t\t\t\t<\/label>\r\n\t\t\t\t\t\t\t\t\t\t\t\t\t\t<input size=\"1\" type=\"email\" name=\"form_fields[email]\" id=\"form-field-email\" class=\"elementor-field elementor-size-sm  elementor-field-textual\" placeholder=\"EMAIL\" required=\"required\">\r\n\t\t\t\t\t\t\t\t\t\t\t<\/div>\r\n\t\t\t\t\t\t\t\t<div class=\"elementor-field-type-acceptance elementor-field-group elementor-column elementor-field-group-RGPD elementor-col-100 elementor-field-required\">\r\n\t\t\t\t\t\t\t<div class=\"elementor-field-subgroup\">\r\n\t\t\t<span class=\"elementor-field-option\">\r\n\t\t\t\t<input type=\"checkbox\" name=\"form_fields[RGPD]\" id=\"form-field-RGPD\" class=\"elementor-field elementor-size-sm  elementor-acceptance-field\" required=\"required\">\r\n\t\t\t\t<label for=\"form-field-RGPD\">Al suscribirme a la newsletter acepto recibir notificaciones comerciales v\u00eda mail por parte de Mimidae y que mis datos sean tratados seg\u00fan la pol\u00edtica de privacidad del sitio web.<\/label>\t\t\t<\/span>\r\n\t\t<\/div>\r\n\t\t\t\t\t\t<\/div>\r\n\t\t\t\t\t\t\t\t<div class=\"elementor-field-group elementor-column elementor-field-type-submit elementor-col-33 e-form__buttons\">\r\n\t\t\t\t\t<button class=\"elementor-button elementor-size-sm elementor-animation-push\" type=\"submit\">\r\n\t\t\t\t\t\t<span class=\"elementor-button-content-wrapper\">\r\n\t\t\t\t\t\t\t\t\t\t\t\t\t\t\t\t\t\t\t\t\t\t<span class=\"elementor-button-text\">ME APUNTO<\/span>\r\n\t\t\t\t\t\t\t\t\t\t\t\t\t<\/span>\r\n\t\t\t\t\t<\/button>\r\n\t\t\t\t<\/div>\r\n\t\t\t<\/div>\r\n\t\t<\/form>\r\n\t\t\t\t\t\t<\/div>\n\t\t\t\t<\/div>\n\t\t\t\t<\/div>\n\t\t","protected":false},"excerpt":{"rendered":"<p>LISTA DE ACCESO PRIORITARIO \ud83d\ude80 He estado trabajando en algo s\u00faper emocionante y\u00a1quiero que seas una de las primeras en descubrirlo! As\u00ed que si te apuntas a esta lista, ser\u00e1s una de las primeras en descubrir en qu\u00e9 he estado trabajando estos meses. En conocer todos los detalles. En tener acceso prioritario 48 horas antes [&hellip;]<\/p>\n","protected":false},"author":1,"featured_media":0,"parent":0,"menu_order":0,"comment_status":"closed","ping_status":"closed","template":"elementor_canvas","meta":{"_acf_changed":false,"inline_featured_image":false,"footnotes":""},"class_list":["post-2119","page","type-page","status-publish","hentry"],"acf":[],"_links":{"self":[{"href":"https:\/\/mimidae.es\/en\/wp-json\/wp\/v2\/pages\/2119","targetHints":{"allow":["GET"]}}],"collection":[{"href":"https:\/\/mimidae.es\/en\/wp-json\/wp\/v2\/pages"}],"about":[{"href":"https:\/\/mimidae.es\/en\/wp-json\/wp\/v2\/types\/page"}],"author":[{"embeddable":true,"href":"https:\/\/mimidae.es\/en\/wp-json\/wp\/v2\/users\/1"}],"replies":[{"embeddable":true,"href":"https:\/\/mimidae.es\/en\/wp-json\/wp\/v2\/comments?post=2119"}],"version-history":[{"count":115,"href":"https:\/\/mimidae.es\/en\/wp-json\/wp\/v2\/pages\/2119\/revisions"}],"predecessor-version":[{"id":4797,"href":"https:\/\/mimidae.es\/en\/wp-json\/wp\/v2\/pages\/2119\/revisions\/4797"}],"wp:attachment":[{"href":"https:\/\/mimidae.es\/en\/wp-json\/wp\/v2\/media?parent=2119"}],"curies":[{"name":"wp","href":"https:\/\/api.w.org\/{rel}","templated":true}]}}