{"id":3,"date":"2024-09-11T22:21:17","date_gmt":"2024-09-11T22:21:17","guid":{"rendered":"http:\/\/mimidae.es\/?page_id=3"},"modified":"2025-07-15T14:30:42","modified_gmt":"2025-07-15T14:30:42","slug":"legal","status":"publish","type":"page","link":"https:\/\/mimidae.es\/en\/legal\/","title":{"rendered":"Legal"},"content":{"rendered":"<div data-elementor-type=\"wp-page\" data-elementor-id=\"3\" class=\"elementor elementor-3\" data-elementor-post-type=\"page\">\n\t\t\t\t<div class=\"elementor-element elementor-element-452facf e-con-full e-flex e-con e-parent\" data-id=\"452facf\" data-element_type=\"container\" data-e-type=\"container\">\n\t\t\t\t<div class=\"elementor-element elementor-element-bde96c5 e-n-tabs-none elementor-widget elementor-widget-n-tabs\" data-id=\"bde96c5\" data-element_type=\"widget\" data-e-type=\"widget\" data-settings=\"{&quot;tabs_justify_horizontal&quot;:&quot;start&quot;,&quot;tabs_justify_horizontal_mobile&quot;:&quot;stretch&quot;,&quot;horizontal_scroll&quot;:&quot;disable&quot;}\" data-widget_type=\"nested-tabs.default\">\n\t\t\t\t\t\t\t<div class=\"e-n-tabs\" data-widget-number=\"199136965\" aria-label=\"Tabs. Open items with Enter or Space, close with Escape and navigate using the Arrow keys.\">\n\t\t\t<div class=\"e-n-tabs-heading\" role=\"tablist\">\n\t\t\t\t\t<button id=\"e-n-tab-title-1991369651\" data-tab-title-id=\"e-n-tab-title-1991369651\" class=\"e-n-tab-title\" aria-selected=\"true\" data-tab-index=\"1\" role=\"tab\" tabindex=\"0\" aria-controls=\"e-n-tab-content-1991369651\" style=\"--n-tabs-title-order: 1;\">\n\t\t\t\t\t\t<span class=\"e-n-tab-title-text\">\n\t\t\t\tLEGAL\t\t\t<\/span>\n\t\t<\/button>\n\t\t\t\t<button id=\"e-n-tab-title-1991369652\" data-tab-title-id=\"e-n-tab-title-1991369652\" class=\"e-n-tab-title\" aria-selected=\"false\" data-tab-index=\"2\" role=\"tab\" tabindex=\"-1\" aria-controls=\"e-n-tab-content-1991369652\" style=\"--n-tabs-title-order: 2;\">\n\t\t\t\t\t\t<span class=\"e-n-tab-title-text\">\n\t\t\t\tPOL\u00cdTICA DE PRIVACIDAD\t\t\t<\/span>\n\t\t<\/button>\n\t\t\t\t<button id=\"e-n-tab-title-1991369653\" data-tab-title-id=\"e-n-tab-title-1991369653\" class=\"e-n-tab-title\" aria-selected=\"false\" data-tab-index=\"3\" role=\"tab\" tabindex=\"-1\" aria-controls=\"e-n-tab-content-1991369653\" style=\"--n-tabs-title-order: 3;\">\n\t\t\t\t\t\t<span class=\"e-n-tab-title-text\">\n\t\t\t\tPOL\u00cdTICA DE COOCKIES\t\t\t<\/span>\n\t\t<\/button>\n\t\t\t\t\t<\/div>\n\t\t\t<div class=\"e-n-tabs-content\">\n\t\t\t\t<div id=\"e-n-tab-content-1991369651\" role=\"tabpanel\" aria-labelledby=\"e-n-tab-title-1991369651\" data-tab-index=\"1\" style=\"--n-tabs-title-order: 1;\" class=\"e-active elementor-element elementor-element-45516b7 e-con-full e-flex e-con e-child\" data-id=\"45516b7\" data-element_type=\"container\" data-e-type=\"container\">\n\t\t<div class=\"elementor-element elementor-element-7ff4b30 e-flex e-con-boxed e-con e-child\" data-id=\"7ff4b30\" data-element_type=\"container\" data-e-type=\"container\">\n\t\t\t\t\t<div class=\"e-con-inner\">\n\t\t\t\t<div class=\"elementor-element elementor-element-7d5c428 elementor-widget elementor-widget-text-editor\" data-id=\"7d5c428\" data-element_type=\"widget\" data-e-type=\"widget\" data-widget_type=\"text-editor.default\">\n\t\t\t\t\t\t\t\t\t<p>Las presentes Condiciones Generales de Uso, Condiciones de Venta y Pol\u00edtica de Privacidad regulan el uso del sitio Web www.mimidae.es la que Yolanda Espinosa Docampo (en adelante \u201cMimidae\u201d) con NIF 41526160M y domicilio en Calle Le\u00f3n Felipe,5 2\u00ba-3\u00aa, en Palafrugell CP 17200 es titular.<\/p><p>A trav\u00e9s de su sitio www.mimidae.es, Mimidae proporciona informaci\u00f3n acerca de sus productos y ofrece la posibilidad de su adquisici\u00f3n. Debido al contenido y la finalidad del Sitio Web, las personas que quieran beneficiarse de sus servicios deben contar con la condici\u00f3n de \u00abCliente\u00bb, la cual adquiere completando el formulario de registro y siguiendo los pasos que Mimidae posteriormente comunica a trav\u00e9s de email. La condici\u00f3n de Cliente supone la adhesi\u00f3n a las Condiciones de Uso.<\/p><p>En cualquier caso, existen p\u00e1ginas del Sitio Web accesibles a personas f\u00edsicas o jur\u00eddicas que no lleguen a registrarse ni inicien una compra de producto (en adelante, \u00abUsuarios\u00bb). En este sentido, los Usuarios que accedan a estas partes del Sitio Web aceptan quedar sometidos a los t\u00e9rminos y condiciones recogidos en estas Condiciones Generales, en la medida que ello les pueda ser de aplicaci\u00f3n.<\/p><p>Para cualquier tipo de duda, consulta o sugerencia, puede enviarnos los comentarios por email a: hola@mimidae.es<\/p><p><b>informaci\u00f3n sobre producto<\/b><br \/>La informaci\u00f3n dada sobre cada producto, as\u00ed como las fotograf\u00edas o v\u00eddeos relativos a los mismos y los nombres comerciales, marcas o signos distintivos de cualquier clase contenidos en la p\u00e1gina web de Mimidae, son expuestos en www.mimidaeshop.com\/ a modo orientativo.<\/p><p>Las im\u00e1genes publicadas en la web pueden diferir del original seg\u00fan el dispositivo en que se visualicen. Mimidae no se hace responsable de las posibles alteraciones\/variaciones de dicha imagen sobre el producto original.<\/p><p><b>precios<\/b><br \/>Todos los precios de los productos que se indican a trav\u00e9s de la p\u00e1gina web incluyen el IVA y los dem\u00e1s impuestos que pudiera corresponder. No obstante, estos precios no incluyen los gastos correspondientes al env\u00edo de los productos, que se detallan aparte y deben ser aceptados por el Cliente.<\/p><p><b>disponibilidad<\/b><br \/>Mimidae informa al Cliente que el n\u00famero de unidades disponibles se mantiene actualizado con las existencias en almac\u00e9n. En ning\u00fan caso Mimidae pondr\u00e1 a la venta de forma intencionada m\u00e1s unidades de las que disponga.<\/p><p>Mimidae har\u00e1 todo lo posible por complacer a todos sus Clientes en la demanda de los productos. Sin embargo, en ocasiones, y debido a causas dif\u00edcilmente controlables por Mimidae c\u00f3mo errores humanos o incidencias en los sistemas inform\u00e1ticos.<br \/>Para el supuesto en que el producto no est\u00e9 disponible despu\u00e9s de haberse realizado el pedido, el Cliente ser\u00e1 informado por email de la anulaci\u00f3n total o parcial de \u00e9ste. La anulaci\u00f3n parcial del pedido debido a falta de disponibilidad no da derecho a la anulaci\u00f3n de la totalidad del pedido.<\/p><p><b>pago<\/b><br \/>El Cliente se compromete a pagar en el momento que realiza el pedido seg\u00fan el m\u00e9todo elegido.<br \/>Al precio inicial que figure en el sitio Web para cada uno de los productos ofrecidos se le sumar\u00e1n las tarifas correspondientes a los gastos de env\u00edo pertinentes. En cualquier caso, dichas tarifas ser\u00e1n detalladas previamente al Cliente antes de finalizar y formalizar la propia compra.<\/p><p>El ticket o comprobante de compra que corresponde al pedido de compra estar\u00e1 disponible y se podr\u00e1 visualizar en www.mimidae.es\/ en la secci\u00f3n \u00abMi cuenta\u00bb, \u00abPedidos\u00bb.<\/p><p>El Cliente deber\u00e1 abonar el importe correspondiente a su pedido mediante pago a trav\u00e9s de los diferentes m\u00e9todos.<\/p><p>De darse el caso, el Cliente deber\u00e1 notificar a Mimidae cualquier cargo indebido o fraudulento en la tarjeta utilizada para las compras, mediante email, en el menor plazo de tiempo posible para que Mimidae pueda realizar las gestiones oportunas.<\/p><p><b>seguridad<\/b><br \/>Mimidae cuenta con las m\u00e1ximas medidas de seguridad comercialmente disponibles en el sector. Adem\u00e1s, el proceso de pago funciona sobre un servidor seguro utilizando protocolos cifrados.<\/p><p>formalizaci\u00f3n de pedidos<br \/>Una vez formalizado el pedido, es decir, con la confirmaci\u00f3n del proceso de compra, Mimidae enviar\u00e1 siempre un email al CLIENTE confirmando los detalles de la compra realizada.<\/p><p>plazos, lugar de entrega y extrav\u00edos<\/p><p><b>I. Entrega del producto<\/b><br \/>Mimidae se compromete a entregar el producto en perfecto estado en la direcci\u00f3n que el Cliente se\u00f1ale en el formulario de pedido. Con el fin de optimizar la entrega, agradecemos al Cliente que indique una direcci\u00f3n en la cual el pedido pueda ser entregado dentro del horario laboral habitual.<\/p><p>Mimidae no ser\u00e1 responsable por los errores causados en la entrega cuando la direcci\u00f3n de entrega introducida por el Cliente en el formulario de pedido no se ajuste a la realidad o hayan sido omitidos.<\/p><p>Mimidae informa al Cliente que es posible que un mismo pedido se divida en varias entregas.<\/p><p><b>II. Plazo de Entrega<\/b><br \/>Los env\u00edos se realizan a trav\u00e9s de correos. Los pedidos dentro de la pen\u00ednsula ser\u00e1n entregados en un plazo de 1-4 d\u00edas laborables desde su preparaci\u00f3n. Los pedidos internacionales ser\u00e1n entregados en un plazo m\u00e1ximo de 2-15 d\u00edas para pedidos dentro de Europa y de 7-30 d\u00edas para el resto del mundo. Estos plazos son medios, y por tanto una estimaci\u00f3n. Por ello, es posible que var\u00eden por razones log\u00edsticas o de fuerza mayor. En casos de retrasos en las entregas, Mimidae no se hace responsable de los mismos pero si har\u00e1 una comprobaci\u00f3n \/ reclamaci\u00f3n e informara del estado del pedido al Cliente.<\/p><p>Una vez que el pedido salga de nuestros almacenes, se enviar\u00e1 un e-mail notific\u00e1ndole que su pedido ha sido aceptado y est\u00e1 siendo enviado.<\/p><p>Por motivos de seguridad, Mimidae no enviar\u00e1 ning\u00fan pedido a apartados de correos ni bases militares, ni aceptar\u00e1 ning\u00fan pedido cuando no sea posible identificar al destinatario del pedido y su direcci\u00f3n.<\/p><p><b>III. Datos de Entrega, Entregas no realizadas y Extrav\u00edo<\/b><br \/>Si en el momento de la entrega el Cliente se encuentra ausente, el transportista dejar\u00e1 un comprobante indicando c\u00f3mo proceder para concertar una nueva entrega. Mimidae contrata, como parte del servicio de entrega de mensajer\u00eda, la realizaci\u00f3n de una serie de acciones de seguimiento, encaminadas a garantizar que la entrega se produce.<\/p><p>En caso de que no se pueda realizar entrega del pedido por parte del Cliente pasados 15 d\u00edas h\u00e1biles desde la salida a reparto del pedido \u00e9ste ser\u00e1 devuelto a nuestros almacenes y el Cliente deber\u00e1 hacerse cargo de los gastos de env\u00edo y de retorno a origen de la mercanc\u00eda, as\u00ed como de los posibles gastos de gesti\u00f3n asociados.<\/p><p>Si el motivo por el que no se ha podido realizar la entrega es el extrav\u00edo del paquete, Mimidae no se hace responsable, pero nuestro transportista iniciar\u00e1 una investigaci\u00f3n. En estos casos, los plazos de respuesta de nuestros transportistas suelen oscilar entre dos y seis semanas.<\/p><p>El Cliente deber\u00e1 comprobar el buen estado del paquete ante el transportista que, por cuenta de Mimidae, realice la entrega del producto solicitado, indicando en el albar\u00e1n de entrega cualquier anomal\u00eda que pudiera detectar en el embalaje. Si, posteriormente, una vez revisado el producto, el Cliente detectase cualquier incidencia como golpe, rotura, indicios de haber sido abierto o cualquier desperfecto causado en \u00e9ste por el env\u00edo, \u00e9ste se compromete a comunicarlo a Mimidae v\u00eda email en el menor plazo de tiempo posible, antes de las siguientes 24 horas desde la entrega. A partir de ese momento no se atender\u00e1n incidencias por ese tipo.<\/p><p><b>devoluci\u00f3n<\/b><br \/>No se aceptan devoluciones.<\/p><p><b>cancelaciones<\/b><br \/>Solo se aceptar\u00e1n cancelaciones cuando la gesti\u00f3n del pedido no se haya realizado. En caso de pre-ventas, solo se aceptar\u00e1n cancelaciones durante el tiempo de reserva. Una vez cerrado este periodo, no s aceptar\u00e1n cancelaciones.<\/p><p>En caso de cancelaci\u00f3n. Se reembolsar\u00e1 el importe total de la compra al cliente, excepto las comisiones generadas por el servicio de Paypal.<\/p>\t\t\t\t\t\t\t\t<\/div>\n\t\t\t\t\t<\/div>\n\t\t\t\t<\/div>\n\t\t\t\t<\/div>\n\t\t<div id=\"e-n-tab-content-1991369652\" role=\"tabpanel\" aria-labelledby=\"e-n-tab-title-1991369652\" data-tab-index=\"2\" style=\"--n-tabs-title-order: 2;\" class=\"elementor-element elementor-element-eff905d e-con-full e-flex e-con e-child\" data-id=\"eff905d\" data-element_type=\"container\" data-e-type=\"container\">\n\t\t<div class=\"elementor-element elementor-element-07f2d32 e-flex e-con-boxed e-con e-child\" data-id=\"07f2d32\" data-element_type=\"container\" data-e-type=\"container\">\n\t\t\t\t\t<div class=\"e-con-inner\">\n\t\t\t\t<div class=\"elementor-element elementor-element-27b26d9 elementor-widget elementor-widget-text-editor\" data-id=\"27b26d9\" data-element_type=\"widget\" data-e-type=\"widget\" data-widget_type=\"text-editor.default\">\n\t\t\t\t\t\t\t\t\t<p>Los Clientes y Usuarios se comprometen a navegar por la p\u00e1gina web y a utilizar el contenido de buena fe.<\/p><p>En cumplimiento de lo establecido en la Ley Org\u00e1nica 15\/1999, de Protecci\u00f3n de Datos de Car\u00e1cter Personal, le informamos de que Yolanda Espinosa Docampo (en adelante \u201cMimidae\u201d) con NIF 41526160M y domicilio en Calle Le\u00f3n Felipe,5 2\u00ba-3\u00aa, en Palafrugell CP 17200 como titular del sitio web www.mimidae.es cumple con las directrices de la normativa vigente en materia de protecci\u00f3n de datos personales, el Reglamento (UE) 2016\/679 de 27 de abril de 2016 (RGPD), relativo a la protecci\u00f3n de las personas f\u00edsicas en cuanto al tratamiento de datos personales y a la libre circulaci\u00f3n de estos datos.<\/p><p>El Usuario es el \u00fanico responsable de la veracidad y correcci\u00f3n de los datos que remita al Prestador, exonerando al Prestador de cualquier responsabilidad al respeto.<\/p><p>El Prestador informa que los datos que el Usuario voluntariamente est\u00e1 facilitando ser\u00e1n incorporados a sus sistemas de informaci\u00f3n con la siguiente finalidad:<\/p><p>En caso de contrataci\u00f3n de los bienes y\/o servicios ofertados a trav\u00e9s del Sitio Web, para mantener la relaci\u00f3n contractual, as\u00ed como la gesti\u00f3n, administraci\u00f3n, informaci\u00f3n, prestaci\u00f3n y mejora del servicio ofrecido;<\/p><p>En el caso de solicitud de informaci\u00f3n mediante los formularios del sitio web, para enviar informaci\u00f3n sobre la consulta realizada;<\/p><p>En caso de registro a trav\u00e9s del formulario para darse de alta como Cliente en el Sitio Web www.mimidae.es<\/p><p>El Usuario, puede oponerse al env\u00edo de comunicaciones comerciales por cualquier v\u00eda y en cualquier momento, remitiendo un correo electr\u00f3nico a la direcci\u00f3n de correo electr\u00f3nico indicada m\u00e1s adelante. Mediante la introducci\u00f3n de los datos, el Usuario otorga el consentimiento inequ\u00edvoco al Prestador, declarando haber sido informado de las condiciones sobre protecci\u00f3n de datos de car\u00e1cter personal, aceptando y consintiendo el tratamiento automatizado de los mismos, para que proceda al tratamiento de los datos facilitados en pro de las finalidades mencionadas. El no facilitar los datos personales solicitados o el no aceptar la presente pol\u00edtica de protecci\u00f3n de datos supone la imposibilidad de subscribirse, registrarse o recibir informaci\u00f3n de los productos y servicios del Prestador.<\/p><p>El Prestador informa que no ceder\u00e1 los datos personales a terceros, excepto en caso que sea necesario para el env\u00edo de los productos solicitados en el sitio web y\/o por obligaci\u00f3n legal. La entidad responsable de la base de datos, hosting, as\u00ed como los que intervengan en cualquier fase del tratamiento y\/o las entidades a quienes se los haya comunicado, est\u00e1n obligadas a observar el secreto profesional y a la adopci\u00f3n de los niveles de protecci\u00f3n y las medidas t\u00e9cnicas y organizativas necesarias a su alcance para garantizar la seguridad de los datos de car\u00e1cter personal. Como encargados de tratamiento, el Prestador tiene contratados los siguientes proveedores de servicios, que se han comprometido al cumplimiento de las disposiciones normativas de aplicaci\u00f3n en materia de protecci\u00f3n de datos, en el momento de su contrataci\u00f3n:<\/p><p>Hosting: HOSTINGER operations, UAB \u0160vitrigailos str. 34, Vilnius 03230 Lithuania<\/p><p>Plataforma web: WordPress.org<br \/>Gesti\u00f3n de comentarios: WordPress.<br \/>Google Analytics: servicio anal\u00edtico de web prestado por Google, Inc., compa\u00f1\u00eda de Delaware cuya oficina principal est\u00e1 ubicada en 1600 Amphitheatre Parkway, Mountain View (California), CA 94043, Estados Unidos (\u201cGoogle\u201d).<br \/>Compra online de productos f\u00edscios, digitales y\/o infoproductos: Woocomerce (WordPress).<br \/>Sistemas de Pago: PayPal y Visa Stripe.<br \/>Compa\u00f1\u00eda de transporte: Sociedad Estatal Correos y Tel\u00e9grafos, S.A. (en adelante, Correos), con domicilio social en V\u00eda Dubl\u00edn n\u00ba 7 (Campo de las Naciones) 28070 Madrid (Espa\u00f1a), CIF n\u00famero A83052407, e inscrita en el Registro Mercantil de Madrid.<\/p><p>El Prestador garantiza en todo caso al Usuario el ejercicio de los derechos de acceso, rectificaci\u00f3n, cancelaci\u00f3n, informaci\u00f3n y oposici\u00f3n, limitaci\u00f3n y portabilidad, en los t\u00e9rminos dispuestos en la legislaci\u00f3n vigente. Por ello, podr\u00e1 ejercer sus derechos remitiendo una solicitud expresa en la direcci\u00f3n mencionada en el encabezado y\/o enviando un correo electr\u00f3nico a hola@mimidae.es, indicando en el asunto: Derechos ARCO, y adjuntando fotocopia de su DNI. A su vez, el Usuario, tiene derecho a retirar el consentimiento prestado en cualquier momento. La retirada del consentimiento no afectar\u00e1 a la licitud del tratamiento efectuado antes de la retirada del consentimiento. Tambi\u00e9n tiene derecho a presentar una reclamaci\u00f3n ante la autoridad de control si considera que pueden haberse visto vulnerados sus derechos en relaci\u00f3n a la protecci\u00f3n de sus datos ante la Agencia Espa\u00f1ola de Protecci\u00f3n de Datos (AEPD), en la calle Jorge Juan, 6, 28001-Madrid o a trav\u00e9s de la sede electr\u00f3nica de la AEPD: https:\/\/sedeagpd.gob.es\/sede-electronica-web\/<\/p><p>Los datos facilitados por el Usuario, se conservar\u00e1n mientras haya un inter\u00e9s mutuo para mantener el fin del tratamiento y durante el plazo por el cu\u00e1l pudieran derivase responsabilidades legales por los servicios prestados. Cuando ya no sea necesario para tal fin, se suprimir\u00e1n con medidas de seguridad adecuadas para garantizar la seudonimizaci\u00f3n de los datos o destrucci\u00f3n total de los mismos. El Prestador se reserva el derecho a modificar la presente pol\u00edtica para adaptarla a novedades legislativas o jurisprudenciales.<\/p><p>Para cualquier aspecto relacionado con esta pol\u00edtica de privacidad, el usuario puede ponerse en contacto con el Prestador en la direcci\u00f3n de correo electr\u00f3nico: hola@mimidae.es<\/p>\t\t\t\t\t\t\t\t<\/div>\n\t\t\t\t\t<\/div>\n\t\t\t\t<\/div>\n\t\t\t\t<\/div>\n\t\t<div id=\"e-n-tab-content-1991369653\" role=\"tabpanel\" aria-labelledby=\"e-n-tab-title-1991369653\" data-tab-index=\"3\" style=\"--n-tabs-title-order: 3;\" class=\"elementor-element elementor-element-0590564 e-con-full e-flex e-con e-child\" data-id=\"0590564\" data-element_type=\"container\" data-e-type=\"container\">\n\t\t<div class=\"elementor-element elementor-element-6ee0a69 e-flex e-con-boxed e-con e-child\" data-id=\"6ee0a69\" data-element_type=\"container\" data-e-type=\"container\">\n\t\t\t\t\t<div class=\"e-con-inner\">\n\t\t\t\t<div class=\"elementor-element elementor-element-c0a8b95 elementor-widget elementor-widget-text-editor\" data-id=\"c0a8b95\" data-element_type=\"widget\" data-e-type=\"widget\" data-widget_type=\"text-editor.default\">\n\t\t\t\t\t\t\t\t\t<p>De conformidad con lo establecido en la ley 34\/2002 de servicios de la sociedad de la informaci\u00f3n y del reglamento (ue) 2016\/679 de 27 de abril de 2016 (rgpd), relativo a la protecci\u00f3n de las personas f\u00edsicas en cuanto al tratamiento de datos personales y a la libre circulaci\u00f3n de estos datos, se pone en conocimiento del usuario que el sitio web www.mimidae.es, propiedad de yolanda espinosa docampo (en adelante \u201cprestador\u201d) utiliza cookies. Las cookies son peque\u00f1os archivos de texto que el sitio web que el usuario visita almacena en su ordenador o dispositivo.<\/p><p><b>cookies propias:<\/b>\u00a0son aqu\u00e9llas que se env\u00edan al equipo terminal del usuario desde un equipo o dominio gestionado por el propio editor y desde el que se presta el servicio solicitado por el usuario.<\/p><p><b>cookies de sesi\u00f3n:<\/b>\u00a0necesarias para el correcto uso de la p\u00e1gina web, la navegaci\u00f3n de forma ininterrumpida recordando opciones de idioma o pa\u00eds. se utilizan para identificar la misma sesi\u00f3n temporal de un usuario o sesi\u00f3n de navegaci\u00f3n.<\/p><p><b>cookies t\u00e9cnicas:<\/b>\u00a0almacenan informaci\u00f3n gen\u00e9rica y an\u00f3nima que no incluye datos de car\u00e1cter personal cuyo objetivo es garantizar el funcionamiento de la web.<\/p><p>de registro: se crean con el registro de un usuario (log-in). se utilizan para identificar al usuario una vez se ha autenticado dentro de los sitios web.<\/p><p><b>cookies de terceros:<\/b>\u00a0el sitio web puede contener cookies de terceros orientadas a ofrecer un mejor servicio que estos terceros ofrecen. Un ejemplo de este uso son los enlaces a las redes sociales que permiten compartir el contenido del sitio web.<\/p><p><b>cookies anal\u00edticas:<\/b>\u00a0son aquellas que, tratadas por prestador o por terceros, permiten cuantificar el n\u00famero de visitantes y analizar estad\u00edsticamente la utilizaci\u00f3n que hacen los usuarios del portal web. la informaci\u00f3n recogida mediante este tipo de cookies se utiliza en la medici\u00f3n de la actividad del sitio web y para la elaboraci\u00f3n de perfiles de navegaci\u00f3n anonimizados<\/p><p><b>cookies publicitarias:<\/b>\u00a0son aqu\u00e9llas que permiten la gesti\u00f3n, de la forma m\u00e1s eficaz posible, de los espacios publicitarios que, en su caso, el editor haya incluido en el sitio web desde la que presta el servicio solicitado en base a criterios como el contenido editado o la frecuencia en la que se muestran los anuncios:<\/p><p><b>cookies de redes sociales:<\/b>\u00a0se utilizan para que los visitantes puedan interactuar con el contenido de diferentes plataformas sociales (facebook, youtube, twitter, linkedin, instagram, etc.) y que se generan \u00fanicamente para los usuarios de dichas redes sociales. las condiciones de utilizaci\u00f3n de estas cookies y la informaci\u00f3n recopilada se regulan por la pol\u00edtica de privacidad de la plataforma social correspondiente.<\/p><p>Desde el siguiente enlace el usuario podr\u00e1 ver todas nuestras cookies: www.mimidae.es\/<\/p><p>en el caso que el usuario quiera modificar la configuraci\u00f3n de cookies de su navegador, podr\u00e1 hacerlo mediante la configuraci\u00f3n de las opciones del mismo. el usuario podr\u00e1 encontrar informaci\u00f3n sobre c\u00f3mo modificar las pol\u00edticas de cookies de los distintos navegadores en:<\/p><p>-microsoft internet explorer: https:\/\/support.microsoft.com\/es-es\/help\/17442\/windows- internet-explorer-delete-manage-cookies<br \/>-firefox: http:\/\/support.mozilla.org\/es\/kb\/habilitar-y-deshabilitar-cookies-que-los-sitios-we<br \/>-safari: https:\/\/support.apple.com\/kb\/ph19214?viewlocale=es_es&amp;locale=es_es<br \/>-google chrome: http:\/\/support.google.com\/chrome\/bin\/answer.py?hl=es&amp;answer=95647<\/p><p>existen herramientas de terceros, disponibles on line, que permiten a los usuarios detectar las cookies en cada sitio web que visita y gestionar su desactivaci\u00f3n. los navegadores web son las herramientas encargadas de almacenar las cookies y desde este lugar el usuario puede ejercitar su derecho a eliminaci\u00f3n o desactivaci\u00f3n de las mismas. ni esta web ni sus representantes legales pueden garantizar la correcta o incorrecta manipulaci\u00f3n de las cookies por parte de los mencionados navegadores. se informa al usuario que si no desea que los sitios web pongan ninguna cookie en su equipo, puede adaptar la configuraci\u00f3n del navegador de modo que se le notifique antes de que se coloque ninguna cookie. de igual modo, puede adaptar la configuraci\u00f3n de forma que el navegador rechace todas las cookies, o \u00fanicamente las cookies de terceros. en caso de que se encuentre con este tipo de cookies en este sitio web y no est\u00e9n enumeradas en la lista anterior, le rogamos que lo comunique.<\/p><p>la aceptaci\u00f3n de la presente pol\u00edtica de cookies implica que el usuario ha sido informado de una forma clara y completa sobre el uso de dispositivos de almacenamiento y recuperaci\u00f3n de datos (cookies) as\u00ed como que el prestador dispone del consentimiento del usuario para el uso de las mismas tal y como establece la normativa. en el caso de que tenga alguna duda sobre la pol\u00edtica de cookies del sitio web, el usuario puede dirigirse a: hola@mimidae.es<\/p><p>si quiere conocer con m\u00e1s detalles en qu\u00e9 consisten las cookies, en este link se puede acceder a la gu\u00eda de cookies editada por la agencia espa\u00f1ola de protecci\u00f3n de datos:\u00a0<b>http:\/\/www.agpd.es\/portalwebagpd\/canaldocumentacion\/publicaciones\/common\/guias\/guia_cookies.pdf<\/b>\/stro Mercantil de Madrid.<\/p>\t\t\t\t\t\t\t\t<\/div>\n\t\t\t\t\t<\/div>\n\t\t\t\t<\/div>\n\t\t\t\t<\/div>\n\t\t\t\t\t<\/div>\n\t\t<\/div>\n\t\t\t\t\t\t<\/div>\n\t\t\t\t<\/div>\n\t\t\t\t<\/div>","protected":false},"excerpt":{"rendered":"<p>LEGAL POL\u00cdTICA DE PRIVACIDAD POL\u00cdTICA DE COOCKIES Las presentes Condiciones Generales de Uso, Condiciones de Venta y Pol\u00edtica de Privacidad regulan el uso del sitio Web www.mimidae.es la que Yolanda Espinosa Docampo (en adelante \u201cMimidae\u201d) con NIF 41526160M y domicilio en Calle Le\u00f3n Felipe,5 2\u00ba-3\u00aa, en Palafrugell CP 17200 es titular. A trav\u00e9s de su [&hellip;]<\/p>\n","protected":false},"author":1,"featured_media":0,"parent":0,"menu_order":0,"comment_status":"closed","ping_status":"closed","template":"","meta":{"_acf_changed":false,"_angie_page":false,"inline_featured_image":false,"footnotes":""},"class_list":["post-3","page","type-page","status-publish","hentry"],"acf":[],"_links":{"self":[{"href":"https:\/\/mimidae.es\/en\/wp-json\/wp\/v2\/pages\/3","targetHints":{"allow":["GET"]}}],"collection":[{"href":"https:\/\/mimidae.es\/en\/wp-json\/wp\/v2\/pages"}],"about":[{"href":"https:\/\/mimidae.es\/en\/wp-json\/wp\/v2\/types\/page"}],"author":[{"embeddable":true,"href":"https:\/\/mimidae.es\/en\/wp-json\/wp\/v2\/users\/1"}],"replies":[{"embeddable":true,"href":"https:\/\/mimidae.es\/en\/wp-json\/wp\/v2\/comments?post=3"}],"version-history":[{"count":43,"href":"https:\/\/mimidae.es\/en\/wp-json\/wp\/v2\/pages\/3\/revisions"}],"predecessor-version":[{"id":3023,"href":"https:\/\/mimidae.es\/en\/wp-json\/wp\/v2\/pages\/3\/revisions\/3023"}],"wp:attachment":[{"href":"https:\/\/mimidae.es\/en\/wp-json\/wp\/v2\/media?parent=3"}],"curies":[{"name":"wp","href":"https:\/\/api.w.org\/{rel}","templated":true}]}}