{"id":8,"date":"2024-09-11T22:21:47","date_gmt":"2024-09-11T22:21:47","guid":{"rendered":"http:\/\/mimidae.es\/?page_id=8"},"modified":"2025-12-18T11:54:46","modified_gmt":"2025-12-18T11:54:46","slug":"mi-cuenta","status":"publish","type":"page","link":"https:\/\/mimidae.es\/en\/mi-cuenta\/","title":{"rendered":"Mi cuenta"},"content":{"rendered":"<div data-elementor-type=\"wp-page\" data-elementor-id=\"8\" class=\"elementor elementor-8\" data-elementor-post-type=\"page\">\n\t\t\t\t<div class=\"elementor-element elementor-element-22f974b e-con-full e-flex e-con e-parent\" data-id=\"22f974b\" data-element_type=\"container\" data-e-type=\"container\">\n\t\t<div class=\"elementor-element elementor-element-59ae620 e-con-full e-flex e-con e-child\" data-id=\"59ae620\" data-element_type=\"container\" data-e-type=\"container\" data-settings=\"{&quot;background_background&quot;:&quot;classic&quot;}\">\n\t\t\t\t<div data-dce-title-color=\"#222222\" class=\"elementor-element elementor-element-b7b76c6 elementor-widget elementor-widget-heading\" data-id=\"b7b76c6\" data-element_type=\"widget\" data-e-type=\"widget\" data-widget_type=\"heading.default\">\n\t\t\t\t\t<span class=\"elementor-heading-title elementor-size-default\">Acceder<\/span>\t\t\t\t<\/div>\n\t\t\t\t<div class=\"elementor-element elementor-element-298c2ad elementor-widget elementor-widget-login\" data-id=\"298c2ad\" data-element_type=\"widget\" data-e-type=\"widget\" data-widget_type=\"login.default\">\n\t\t\t\t\t\t\t<form class=\"elementor-login elementor-form\" method=\"post\" action=\"https:\/\/mimidae.es\/wp-login.php\" aria-label=\"Login form\">\r\n\t\t\t<input type=\"hidden\" name=\"redirect_to\" value=\"\/en\/wp-json\/wp\/v2\/pages\/8\">\r\n\t\t\t<div class=\"elementor-form-fields-wrapper\">\r\n\t\t\t\t<div class=\"elementor-field-type-text elementor-field-group elementor-column elementor-col-100 elementor-field-required\">\r\n\t\t\t\t\t<label for=\"user-298c2ad\" class=\"elementor-field-label\">Nombre de usuario o correo electr\u00f3nico<\/label>\r\n\t\t\t\t\t<input size=\"1\" type=\"text\" name=\"log\" id=\"user-298c2ad\" placeholder=\"\" class=\"elementor-field elementor-field-textual elementor-size-sm\">\r\n\t\t\t\t<\/div>\r\n\t\t\t\t<div class=\"elementor-field-type-text elementor-field-group elementor-column elementor-col-100 elementor-field-required\">\r\n\t\t\t\t\t<label for=\"password-298c2ad\" class=\"elementor-field-label\">Contrase\u00f1a<\/label>\r\n\t\t\t\t\t<input size=\"1\" type=\"password\" name=\"pwd\" id=\"password-298c2ad\" placeholder=\"\" class=\"elementor-field elementor-field-textual elementor-size-sm\">\r\n\t\t\t\t<\/div>\r\n\r\n\t\t\t\t\t\t\t\t\t<div class=\"elementor-field-type-checkbox elementor-field-group elementor-column elementor-col-100 elementor-remember-me\">\r\n\t\t\t\t\t\t<label for=\"elementor-login-remember-me\">\r\n\t\t\t\t\t\t\t<input type=\"checkbox\" id=\"elementor-login-remember-me\" name=\"rememberme\" value=\"forever\">\r\n\t\t\t\t\t\t\tRemember Me\t\t\t\t\t\t<\/label>\r\n\t\t\t\t\t<\/div>\r\n\t\t\t\t\r\n\t\t\t\t<div class=\"elementor-field-group elementor-column elementor-field-type-submit elementor-col-100\">\r\n\t\t\t\t\t<button type=\"submit\" class=\"elementor-size-sm elementor-button\" name=\"wp-submit\">\r\n\t\t\t\t\t\t\t\t\t\t\t\t\t\t\t<span class=\"elementor-button-text\">Acceder<\/span>\r\n\t\t\t\t\t\t\t\t\t\t\t\t<\/button>\r\n\t\t\t\t<\/div>\r\n\r\n\t\t\t\t\t\t\t<\/div>\r\n\t\t<\/form>\r\n\t\t\t\t\t\t<\/div>\n\t\t\t\t<div class=\"elementor-element elementor-element-3139a34 elementor-widget elementor-widget-n-accordion\" data-id=\"3139a34\" data-element_type=\"widget\" data-e-type=\"widget\" data-settings=\"{&quot;default_state&quot;:&quot;all_collapsed&quot;,&quot;max_items_expended&quot;:&quot;one&quot;,&quot;n_accordion_animation_duration&quot;:{&quot;unit&quot;:&quot;ms&quot;,&quot;size&quot;:400,&quot;sizes&quot;:[]}}\" data-widget_type=\"nested-accordion.default\">\n\t\t\t\t\t\t\t<div class=\"e-n-accordion\" aria-label=\"Accordion. Open links with Enter or Space, close with Escape, and navigate with Arrow Keys\">\n\t\t\t\t\t\t<details id=\"e-n-accordion-item-5160\" class=\"e-n-accordion-item\" >\n\t\t\t\t<summary class=\"e-n-accordion-item-title\" data-accordion-index=\"1\" tabindex=\"0\" aria-expanded=\"false\" aria-controls=\"e-n-accordion-item-5160\" >\n\t\t\t\t\t<span class='e-n-accordion-item-title-header'><div class=\"e-n-accordion-item-title-text\"> Restablecer contrase\u00f1a <\/div><\/span>\n\t\t\t\t\t\t\t<span class='e-n-accordion-item-title-icon'>\n\t\t\t<span class='e-opened' ><svg xmlns=\"http:\/\/www.w3.org\/2000\/svg\" width=\"11.5\" height=\"1\" viewbox=\"0 0 11.5 1\"><path id=\"L&#xED;nea_3716\" data-name=\"L&#xED;nea 3716\" d=\"M11.5.5H0v-1H11.5Z\" transform=\"translate(0 0.5)\"><\/path><\/svg><\/span>\n\t\t\t<span class='e-closed'><svg xmlns=\"http:\/\/www.w3.org\/2000\/svg\" width=\"11.5\" height=\"11.5\" viewbox=\"0 0 11.5 11.5\"><g id=\"Grupo_6719\" data-name=\"Grupo 6719\" transform=\"translate(-1334.5 -1044.5)\"><path id=\"L&#xED;nea_3716\" data-name=\"L&#xED;nea 3716\" d=\"M11.5.5H0v-1H11.5Z\" transform=\"translate(1334.5 1050.5)\"><\/path><path id=\"L&#xED;nea_3717\" data-name=\"L&#xED;nea 3717\" d=\"M11.5.5H0v-1H11.5Z\" transform=\"translate(1340.5 1044.5) rotate(90)\"><\/path><\/g><\/svg><\/span>\n\t\t<\/span>\n\n\t\t\t\t\t\t<\/summary>\n\t\t\t\t<div role=\"region\" aria-labelledby=\"e-n-accordion-item-5160\" class=\"elementor-element elementor-element-37df363 e-con-full e-flex e-con e-child\" data-id=\"37df363\" data-element_type=\"container\" data-e-type=\"container\">\n\t\t\t\t<div class=\"elementor-element elementor-element-e6248f8 elementor-widget elementor-widget-wl-myaccount-lostpassword-form\" data-id=\"e6248f8\" data-element_type=\"widget\" data-e-type=\"widget\" data-widget_type=\"wl-myaccount-lostpassword-form.default\">\n\t\t\t\t<div class=\"elementor-widget-container\">\n\t\t\t\t\t        <div class=\"woolentor-myaccount-form-lostpassword\">\n            <div class=\"woocommerce-notices-wrapper\"><\/div>                        <form method=\"post\" class=\"woocommerce-ResetPassword lost_reset_password\" action=\"\">\n\n                <p class=\"woocommerce-form-row form-row\">\n                    <label for=\"user_login\">Username or email<\/label>                    <input class=\"woocommerce-Input woocommerce-Input--text input-text\" type=\"text\" name=\"user_login\" id=\"user_login\" autocomplete=\"username\" \/>\n                <\/p>\n\n                <div class=\"clear\"><\/div>\n\n                \n                <p class=\"woocommerce-form-row form-row\">\n                    <input type=\"hidden\" name=\"wc_reset_password\" value=\"true\" \/>\n                    <button type=\"submit\" class=\"woocommerce-Button button\" value=\"Reset password\" data-no-translation=\"\" data-trp-gettext=\"\">Reset password<\/button>\n                <\/p>\n\n                <input type=\"hidden\" id=\"woocommerce-lost-password-nonce\" name=\"woocommerce-lost-password-nonce\" value=\"8da421a539\" \/><input type=\"hidden\" name=\"_wp_http_referer\" value=\"\/en\/wp-json\/wp\/v2\/pages\/8\" \/>\n            <input type=\"hidden\" name=\"trp-form-language\" value=\"en\"\/><\/form>\n                                <\/div>\n        \t\t\t\t<\/div>\n\t\t\t\t<\/div>\n\t\t\t\t<\/div>\n\t\t\t\t\t<\/details>\n\t\t\t\t\t<\/div>\n\t\t\t\t\t\t<\/div>\n\t\t\t\t<\/div>\n\t\t<div class=\"elementor-element elementor-element-5ad958f e-con-full e-flex e-con e-child\" data-id=\"5ad958f\" data-element_type=\"container\" data-e-type=\"container\" data-settings=\"{&quot;background_background&quot;:&quot;classic&quot;}\">\n\t\t\t\t<div class=\"elementor-element elementor-element-301e18b elementor-widget elementor-widget-wl-myaccount-register-form\" data-id=\"301e18b\" data-element_type=\"widget\" data-e-type=\"widget\" data-widget_type=\"wl-myaccount-register-form.default\">\n\t\t\t\t<div class=\"elementor-widget-container\">\n\t\t\t\t\t<div class=\"woocommerce-notices-wrapper\"><\/div>            <div class=\"woolentor-myaccount-form-register\">\r\n\r\n                <span class='woolentor-form-title'>Registrarse<\/span>\r\n                <form method=\"post\" class=\"woocommerce-form woocommerce-form-register register\" action=\"\"  >\r\n        \r\n                            \r\n                            \r\n                    <p class=\"woocommerce-form-row woocommerce-form-row--wide form-row form-row-wide\">\r\n                        <label for=\"reg_email\">Email address&nbsp;<span class=\"required\">*<\/span><\/label>\r\n                        <input type=\"email\" class=\"woocommerce-Input woocommerce-Input--text input-text\" name=\"email\" id=\"reg_email\" autocomplete=\"email\" value=\"\" \/>                    <\/p>\r\n        \r\n                            \r\n                        <p class=\"woocommerce-form-row woocommerce-form-row--wide form-row form-row-wide\">\r\n                            <label for=\"reg_password\">Password&nbsp;<span class=\"required\">*<\/span><\/label>\r\n                            <input type=\"password\" class=\"woocommerce-Input woocommerce-Input--text input-text\" name=\"password\" id=\"reg_password\" autocomplete=\"new-password\" \/>\r\n                        <\/p>\r\n        \r\n                            \r\n                    <wc-order-attribution-inputs><\/wc-order-attribution-inputs><div class=\"woocommerce-privacy-policy-text\"><p>Tus datos personales se utilizar\u00e1n para procesar tu pedido, mejorar tu experiencia en esta web, gestionar el acceso a tu cuenta y otros prop\u00f3sitos descritos en nuestra <a href=\"https:\/\/mimidae.es\/en\/legal\/\" class=\"woocommerce-privacy-policy-link\" target=\"_blank\" data-no-translation=\"\" data-trp-gettext=\"\">privacy policy<\/a>.<\/p>\n<\/div>        \r\n                    <p class=\"woocommerce-FormRow form-row\">\r\n                        <input type=\"hidden\" id=\"woocommerce-register-nonce\" name=\"woocommerce-register-nonce\" value=\"1a9c5bae8e\" \/><input type=\"hidden\" name=\"_wp_http_referer\" value=\"\/en\/wp-json\/wp\/v2\/pages\/8\" \/>                        <button type=\"submit\" class=\"woocommerce-Button button\" name=\"register\" value=\"Register\">Register<\/button>\r\n                    <\/p>\r\n        \r\n                            \r\n                <input type=\"hidden\" name=\"trp-form-language\" value=\"en\"\/><\/form>\r\n            <\/div>\r\n            \t\t\t\t<\/div>\n\t\t\t\t<\/div>\n\t\t\t\t<\/div>\n\t\t\t\t<\/div>\n\t\t\t\t<\/div>","protected":false},"excerpt":{"rendered":"<p>Perfil Pedidos Descargas Mis cursos Cerrar sesi\u00f3n Nombre&nbsp;* Apellidos&nbsp;* Nombre visible&nbsp;* As\u00ed ser\u00e1 como se mostrar\u00e1 tu nombre en la secci\u00f3n de tu cuenta y en las valoraciones Direcci\u00f3n de correo electr\u00f3nico&nbsp;* Cambio de contrase\u00f1a Contrase\u00f1a actual (d\u00e9jalo en blanco para no cambiarla) Nueva contrase\u00f1a (d\u00e9jalo en blanco para no cambiarla) Confirmar nueva contrase\u00f1a (d\u00e9jalo [&hellip;]<\/p>\n","protected":false},"author":1,"featured_media":0,"parent":0,"menu_order":0,"comment_status":"closed","ping_status":"closed","template":"elementor_header_footer","meta":{"_acf_changed":false,"inline_featured_image":false,"footnotes":""},"class_list":["post-8","page","type-page","status-publish","hentry"],"acf":[],"_links":{"self":[{"href":"https:\/\/mimidae.es\/en\/wp-json\/wp\/v2\/pages\/8","targetHints":{"allow":["GET"]}}],"collection":[{"href":"https:\/\/mimidae.es\/en\/wp-json\/wp\/v2\/pages"}],"about":[{"href":"https:\/\/mimidae.es\/en\/wp-json\/wp\/v2\/types\/page"}],"author":[{"embeddable":true,"href":"https:\/\/mimidae.es\/en\/wp-json\/wp\/v2\/users\/1"}],"replies":[{"embeddable":true,"href":"https:\/\/mimidae.es\/en\/wp-json\/wp\/v2\/comments?post=8"}],"version-history":[{"count":372,"href":"https:\/\/mimidae.es\/en\/wp-json\/wp\/v2\/pages\/8\/revisions"}],"predecessor-version":[{"id":4604,"href":"https:\/\/mimidae.es\/en\/wp-json\/wp\/v2\/pages\/8\/revisions\/4604"}],"wp:attachment":[{"href":"https:\/\/mimidae.es\/en\/wp-json\/wp\/v2\/media?parent=8"}],"curies":[{"name":"wp","href":"https:\/\/api.w.org\/{rel}","templated":true}]}}